{"id":21444,"date":"2025-02-20T17:09:40","date_gmt":"2025-02-20T17:09:40","guid":{"rendered":"https:\/\/fotos.multiplikate.com\/?post_type=product&#038;p=21444"},"modified":"2025-03-25T10:45:13","modified_gmt":"2025-03-25T10:45:13","slug":"iman-de-nevera","status":"publish","type":"product","link":"https:\/\/fotosports.es\/?product=iman-de-nevera","title":{"rendered":"Iman de nevera"},"content":{"rendered":"<p data-start=\"73\" data-end=\"148\"><strong data-start=\"73\" data-end=\"146\">Im\u00e1n de Nevera Personalizado \u2013 Recuerdos que Siempre Est\u00e1n a la Vista<\/strong><\/p>\n<p data-start=\"150\" data-end=\"343\">Dale un toque especial a tu nevera o cualquier superficie met\u00e1lica con un im\u00e1n personalizado. Perfecto para decorar, recordar momentos especiales o promocionar tu marca de una forma original.<\/p>\n<p data-start=\"345\" data-end=\"562\">\u2728 <strong data-start=\"347\" data-end=\"367\">Caracter\u00edsticas:<\/strong><br data-start=\"367\" data-end=\"370\" \/>\u2714\ufe0f Impresi\u00f3n en alta calidad con colores vivos<br data-start=\"416\" data-end=\"419\" \/>\u2714\ufe0f Material resistente y duradero<br data-start=\"452\" data-end=\"455\" \/>\u2714\ufe0f Tama\u00f1o ideal para destacar (personalizable seg\u00fan dise\u00f1o)<br data-start=\"514\" data-end=\"517\" \/>\u2714\ufe0f Fijaci\u00f3n fuerte en superficies met\u00e1licas<\/p>\n<p data-start=\"564\" data-end=\"676\">Ideal como recuerdo de viajes, regalos personalizados o detalles promocionales. \u00a1Dise\u00f1a el tuyo y hazlo \u00fanico!<\/p>\n","protected":false},"excerpt":{"rendered":"<p>Im\u00e1n de Nevera Personalizado \u2013 Recuerdos que Siempre Est\u00e1n a la Vista Dale un toque especial a tu nevera o cualquier superficie met\u00e1lica con un im\u00e1n personalizado. Perfecto para decorar, recordar momentos especiales o promocionar tu marca de una forma original. \u2728 Caracter\u00edsticas:\u2714\ufe0f Impresi\u00f3n en alta calidad con colores vivos\u2714\ufe0f Material resistente y duradero\u2714\ufe0f Tama\u00f1o [&hellip;]<\/p>\n","protected":false},"featured_media":21439,"comment_status":"open","ping_status":"closed","template":"","meta":{"_et_pb_use_builder":"","_et_pb_old_content":"","_et_gb_content_width":""},"product_brand":[],"product_cat":[23],"product_tag":[],"class_list":{"0":"post-21444","1":"product","2":"type-product","3":"status-publish","4":"has-post-thumbnail","6":"product_cat-regalos-personalizados","8":"first","9":"instock","10":"shipping-taxable","11":"purchasable","12":"product-type-simple"},"_links":{"self":[{"href":"https:\/\/fotosports.es\/index.php?rest_route=\/wp\/v2\/product\/21444","targetHints":{"allow":["GET"]}}],"collection":[{"href":"https:\/\/fotosports.es\/index.php?rest_route=\/wp\/v2\/product"}],"about":[{"href":"https:\/\/fotosports.es\/index.php?rest_route=\/wp\/v2\/types\/product"}],"replies":[{"embeddable":true,"href":"https:\/\/fotosports.es\/index.php?rest_route=%2Fwp%2Fv2%2Fcomments&post=21444"}],"wp:featuredmedia":[{"embeddable":true,"href":"https:\/\/fotosports.es\/index.php?rest_route=\/wp\/v2\/media\/21439"}],"wp:attachment":[{"href":"https:\/\/fotosports.es\/index.php?rest_route=%2Fwp%2Fv2%2Fmedia&parent=21444"}],"wp:term":[{"taxonomy":"product_brand","embeddable":true,"href":"https:\/\/fotosports.es\/index.php?rest_route=%2Fwp%2Fv2%2Fproduct_brand&post=21444"},{"taxonomy":"product_cat","embeddable":true,"href":"https:\/\/fotosports.es\/index.php?rest_route=%2Fwp%2Fv2%2Fproduct_cat&post=21444"},{"taxonomy":"product_tag","embeddable":true,"href":"https:\/\/fotosports.es\/index.php?rest_route=%2Fwp%2Fv2%2Fproduct_tag&post=21444"}],"curies":[{"name":"wp","href":"https:\/\/api.w.org\/{rel}","templated":true}]}}