{"id":21441,"date":"2025-02-20T11:40:31","date_gmt":"2025-02-20T11:40:31","guid":{"rendered":"https:\/\/fotos.multiplikate.com\/?post_type=product&#038;p=21441"},"modified":"2025-03-25T10:44:55","modified_gmt":"2025-03-25T10:44:55","slug":"taza-personalizada","status":"publish","type":"product","link":"https:\/\/fotosports.es\/?product=taza-personalizada","title":{"rendered":"Taza personalizada"},"content":{"rendered":"<p data-start=\"84\" data-end=\"131\"><strong data-start=\"84\" data-end=\"129\">Taza Personalizada \u2013 Crea un Regalo \u00danico<\/strong><\/p>\n<p data-start=\"133\" data-end=\"324\">Convierte una simple taza en un recuerdo inolvidable. Personal\u00edzala con fotos, frases, nombres o dise\u00f1os especiales para sorprender a alguien especial o darle un toque \u00fanico a tu d\u00eda a d\u00eda.<\/p>\n<p data-start=\"326\" data-end=\"514\">\u2728 <strong data-start=\"328\" data-end=\"348\">Caracter\u00edsticas:<\/strong><br data-start=\"348\" data-end=\"351\" \/>\u2714\ufe0f Material: Cer\u00e1mica de alta calidad<br data-start=\"388\" data-end=\"391\" \/>\u2714\ufe0f Capacidad: 325 ml (aprox.)<br data-start=\"420\" data-end=\"423\" \/>\u2714\ufe0f Apta para microondas y lavavajillas<br data-start=\"461\" data-end=\"464\" \/>\u2714\ufe0f Impresi\u00f3n a todo color, resistente y duradera<\/p>\n<p data-start=\"516\" data-end=\"653\">Ideal para regalos de cumplea\u00f1os, aniversarios, eventos o simplemente para disfrutar tu caf\u00e9 con estilo. \u00a1Dise\u00f1a la tuya y hazla \u00fanica!<\/p>\n","protected":false},"excerpt":{"rendered":"<p>Taza Personalizada \u2013 Crea un Regalo \u00danico Convierte una simple taza en un recuerdo inolvidable. Personal\u00edzala con fotos, frases, nombres o dise\u00f1os especiales para sorprender a alguien especial o darle un toque \u00fanico a tu d\u00eda a d\u00eda. \u2728 Caracter\u00edsticas:\u2714\ufe0f Material: Cer\u00e1mica de alta calidad\u2714\ufe0f Capacidad: 325 ml (aprox.)\u2714\ufe0f Apta para microondas y lavavajillas\u2714\ufe0f Impresi\u00f3n [&hellip;]<\/p>\n","protected":false},"featured_media":21442,"comment_status":"open","ping_status":"closed","template":"","meta":{"_et_pb_use_builder":"","_et_pb_old_content":"","_et_gb_content_width":""},"product_brand":[],"product_cat":[23],"product_tag":[],"class_list":{"0":"post-21441","1":"product","2":"type-product","3":"status-publish","4":"has-post-thumbnail","6":"product_cat-regalos-personalizados","8":"first","9":"instock","10":"shipping-taxable","11":"purchasable","12":"product-type-simple"},"_links":{"self":[{"href":"https:\/\/fotosports.es\/index.php?rest_route=\/wp\/v2\/product\/21441","targetHints":{"allow":["GET"]}}],"collection":[{"href":"https:\/\/fotosports.es\/index.php?rest_route=\/wp\/v2\/product"}],"about":[{"href":"https:\/\/fotosports.es\/index.php?rest_route=\/wp\/v2\/types\/product"}],"replies":[{"embeddable":true,"href":"https:\/\/fotosports.es\/index.php?rest_route=%2Fwp%2Fv2%2Fcomments&post=21441"}],"wp:featuredmedia":[{"embeddable":true,"href":"https:\/\/fotosports.es\/index.php?rest_route=\/wp\/v2\/media\/21442"}],"wp:attachment":[{"href":"https:\/\/fotosports.es\/index.php?rest_route=%2Fwp%2Fv2%2Fmedia&parent=21441"}],"wp:term":[{"taxonomy":"product_brand","embeddable":true,"href":"https:\/\/fotosports.es\/index.php?rest_route=%2Fwp%2Fv2%2Fproduct_brand&post=21441"},{"taxonomy":"product_cat","embeddable":true,"href":"https:\/\/fotosports.es\/index.php?rest_route=%2Fwp%2Fv2%2Fproduct_cat&post=21441"},{"taxonomy":"product_tag","embeddable":true,"href":"https:\/\/fotosports.es\/index.php?rest_route=%2Fwp%2Fv2%2Fproduct_tag&post=21441"}],"curies":[{"name":"wp","href":"https:\/\/api.w.org\/{rel}","templated":true}]}}